{"id":115,"date":"2020-04-04T14:43:13","date_gmt":"2020-04-04T12:43:13","guid":{"rendered":"https:\/\/holzmanufaktur-nordmann.de\/?page_id=115"},"modified":"2020-07-20T22:38:12","modified_gmt":"2020-07-20T20:38:12","slug":"regale","status":"publish","type":"page","link":"https:\/\/holzmanufaktur-nordmann.de\/index.php\/regale\/","title":{"rendered":"Regale"},"content":{"rendered":"\t\t<div data-elementor-type=\"wp-page\" data-elementor-id=\"115\" class=\"elementor elementor-115\">\n\t\t\t\t\t\t<section class=\"has_eae_slider elementor-section elementor-top-section elementor-element elementor-element-45c1b8a8 elementor-section-boxed elementor-section-height-default elementor-section-height-default\" data-eae-slider=\"45703\" data-id=\"45c1b8a8\" data-element_type=\"section\" data-e-type=\"section\" data-settings=\"{&quot;background_background&quot;:&quot;classic&quot;,&quot;shape_divider_top&quot;:&quot;mountains&quot;}\">\n\t\t\t\t\t\t\t<div class=\"elementor-background-overlay\"><\/div>\n\t\t\t\t\t\t<div class=\"elementor-shape elementor-shape-top\" aria-hidden=\"true\" data-negative=\"false\">\n\t\t\t<svg xmlns=\"http:\/\/www.w3.org\/2000\/svg\" viewBox=\"0 0 1000 100\" preserveAspectRatio=\"none\">\n\t<path class=\"elementor-shape-fill\" opacity=\"0.33\" d=\"M473,67.3c-203.9,88.3-263.1-34-320.3,0C66,119.1,0,59.7,0,59.7V0h1000v59.7 c0,0-62.1,26.1-94.9,29.3c-32.8,3.3-62.8-12.3-75.8-22.1C806,49.6,745.3,8.7,694.9,4.7S492.4,59,473,67.3z\"\/>\n\t<path class=\"elementor-shape-fill\" opacity=\"0.66\" d=\"M734,67.3c-45.5,0-77.2-23.2-129.1-39.1c-28.6-8.7-150.3-10.1-254,39.1 s-91.7-34.4-149.2,0C115.7,118.3,0,39.8,0,39.8V0h1000v36.5c0,0-28.2-18.5-92.1-18.5C810.2,18.1,775.7,67.3,734,67.3z\"\/>\n\t<path class=\"elementor-shape-fill\" d=\"M766.1,28.9c-200-57.5-266,65.5-395.1,19.5C242,1.8,242,5.4,184.8,20.6C128,35.8,132.3,44.9,89.9,52.5C28.6,63.7,0,0,0,0 h1000c0,0-9.9,40.9-83.6,48.1S829.6,47,766.1,28.9z\"\/>\n<\/svg>\t\t<\/div>\n\t\t\t\t\t<div class=\"elementor-container elementor-column-gap-default\">\n\t\t\t\t\t<div class=\"has_eae_slider elementor-column elementor-col-100 elementor-top-column elementor-element elementor-element-3b5668b6\" data-eae-slider=\"67099\" data-id=\"3b5668b6\" data-element_type=\"column\" data-e-type=\"column\">\n\t\t\t<div class=\"elementor-widget-wrap elementor-element-populated\">\n\t\t\t\t\t\t<div class=\"elementor-element elementor-element-8be273d elementor-widget elementor-widget-spacer\" data-id=\"8be273d\" data-element_type=\"widget\" data-e-type=\"widget\" data-widget_type=\"spacer.default\">\n\t\t\t\t<div class=\"elementor-widget-container\">\n\t\t\t\t\t\t\t<div class=\"elementor-spacer\">\n\t\t\t<div class=\"elementor-spacer-inner\"><\/div>\n\t\t<\/div>\n\t\t\t\t\t\t<\/div>\n\t\t\t\t<\/div>\n\t\t\t\t<div class=\"elementor-element elementor-element-1c0e5a6 elementor-hidden-desktop elementor-hidden-tablet elementor-widget elementor-widget-spacer\" data-id=\"1c0e5a6\" data-element_type=\"widget\" data-e-type=\"widget\" data-widget_type=\"spacer.default\">\n\t\t\t\t<div class=\"elementor-widget-container\">\n\t\t\t\t\t\t\t<div class=\"elementor-spacer\">\n\t\t\t<div class=\"elementor-spacer-inner\"><\/div>\n\t\t<\/div>\n\t\t\t\t\t\t<\/div>\n\t\t\t\t<\/div>\n\t\t\t\t<div class=\"elementor-element elementor-element-79611f45 elementor-widget elementor-widget-heading\" data-id=\"79611f45\" data-element_type=\"widget\" data-e-type=\"widget\" data-widget_type=\"heading.default\">\n\t\t\t\t<div class=\"elementor-widget-container\">\n\t\t\t\t\t<h2 class=\"elementor-heading-title elementor-size-default\">Regale<\/h2>\t\t\t\t<\/div>\n\t\t\t\t<\/div>\n\t\t\t\t<div class=\"elementor-element elementor-element-7b064969 elementor-widget elementor-widget-spacer\" data-id=\"7b064969\" data-element_type=\"widget\" data-e-type=\"widget\" data-widget_type=\"spacer.default\">\n\t\t\t\t<div class=\"elementor-widget-container\">\n\t\t\t\t\t\t\t<div class=\"elementor-spacer\">\n\t\t\t<div class=\"elementor-spacer-inner\"><\/div>\n\t\t<\/div>\n\t\t\t\t\t\t<\/div>\n\t\t\t\t<\/div>\n\t\t\t\t<div class=\"elementor-element elementor-element-6fa7bb5e elementor-widget elementor-widget-text-editor\" data-id=\"6fa7bb5e\" data-element_type=\"widget\" data-e-type=\"widget\" data-widget_type=\"text-editor.default\">\n\t\t\t\t<div class=\"elementor-widget-container\">\n\t\t\t\t\t\t\t\t\t<p>In einer Zeit von schwedischen Billig-Regalen, welche qualitativ sehr fragw\u00fcrdig verarbeitet werden und die Nachhaltigkeit v\u00f6llig au\u00dfer Acht gelassen wird, ist es unsere Pr\u00e4misse individuelle und qualitativ hochwertige M\u00f6bel anzufertigen, um so nachhaltige Designm\u00f6bel zu kreieren.<\/p>\t\t\t\t\t\t\t\t<\/div>\n\t\t\t\t<\/div>\n\t\t\t\t\t<\/div>\n\t\t<\/div>\n\t\t\t\t\t<\/div>\n\t\t<\/section>\n\t\t\t\t<section class=\"has_eae_slider elementor-section elementor-top-section elementor-element elementor-element-5a52abd0 elementor-section-boxed elementor-section-height-default elementor-section-height-default\" data-eae-slider=\"11499\" data-id=\"5a52abd0\" data-element_type=\"section\" data-e-type=\"section\" data-settings=\"{&quot;background_background&quot;:&quot;classic&quot;,&quot;shape_divider_bottom&quot;:&quot;mountains&quot;}\">\n\t\t\t\t\t\t\t<div class=\"elementor-background-overlay\"><\/div>\n\t\t\t\t\t\t<div class=\"elementor-shape elementor-shape-bottom\" aria-hidden=\"true\" data-negative=\"false\">\n\t\t\t<svg xmlns=\"http:\/\/www.w3.org\/2000\/svg\" viewBox=\"0 0 1000 100\" preserveAspectRatio=\"none\">\n\t<path class=\"elementor-shape-fill\" opacity=\"0.33\" d=\"M473,67.3c-203.9,88.3-263.1-34-320.3,0C66,119.1,0,59.7,0,59.7V0h1000v59.7 c0,0-62.1,26.1-94.9,29.3c-32.8,3.3-62.8-12.3-75.8-22.1C806,49.6,745.3,8.7,694.9,4.7S492.4,59,473,67.3z\"\/>\n\t<path class=\"elementor-shape-fill\" opacity=\"0.66\" d=\"M734,67.3c-45.5,0-77.2-23.2-129.1-39.1c-28.6-8.7-150.3-10.1-254,39.1 s-91.7-34.4-149.2,0C115.7,118.3,0,39.8,0,39.8V0h1000v36.5c0,0-28.2-18.5-92.1-18.5C810.2,18.1,775.7,67.3,734,67.3z\"\/>\n\t<path class=\"elementor-shape-fill\" d=\"M766.1,28.9c-200-57.5-266,65.5-395.1,19.5C242,1.8,242,5.4,184.8,20.6C128,35.8,132.3,44.9,89.9,52.5C28.6,63.7,0,0,0,0 h1000c0,0-9.9,40.9-83.6,48.1S829.6,47,766.1,28.9z\"\/>\n<\/svg>\t\t<\/div>\n\t\t\t\t\t<div class=\"elementor-container elementor-column-gap-default\">\n\t\t\t\t\t<div class=\"has_eae_slider elementor-column elementor-col-33 elementor-top-column elementor-element elementor-element-52a84e7e\" data-eae-slider=\"27913\" data-id=\"52a84e7e\" data-element_type=\"column\" data-e-type=\"column\">\n\t\t\t<div class=\"elementor-widget-wrap elementor-element-populated\">\n\t\t\t\t\t\t<div class=\"elementor-element elementor-element-75a88622 elementor-widget elementor-widget-image\" data-id=\"75a88622\" data-element_type=\"widget\" data-e-type=\"widget\" data-widget_type=\"image.default\">\n\t\t\t\t<div class=\"elementor-widget-container\">\n\t\t\t\t\t\t\t\t\t\t\t\t\t\t\t\t<a href=\"https:\/\/holzmanufaktur-nordmann.de\/wp-content\/uploads\/2020\/04\/IMG_20200221_091421-scaled.jpg\" data-elementor-open-lightbox=\"yes\" data-elementor-lightbox-title=\"IMG_20200221_091421\" data-e-action-hash=\"#elementor-action%3Aaction%3Dlightbox%26settings%3DeyJpZCI6MjczLCJ1cmwiOiJodHRwczpcL1wvaG9sem1hbnVmYWt0dXItbm9yZG1hbm4uZGVcL3dwLWNvbnRlbnRcL3VwbG9hZHNcLzIwMjBcLzA0XC9JTUdfMjAyMDAyMjFfMDkxNDIxLXNjYWxlZC5qcGcifQ%3D%3D\">\n\t\t\t\t\t\t\t<img fetchpriority=\"high\" decoding=\"async\" width=\"750\" height=\"563\" src=\"https:\/\/holzmanufaktur-nordmann.de\/wp-content\/uploads\/2020\/04\/IMG_20200221_091421-1024x768.jpg\" class=\"attachment-large size-large wp-image-273\" alt=\"\" srcset=\"https:\/\/holzmanufaktur-nordmann.de\/wp-content\/uploads\/2020\/04\/IMG_20200221_091421-1024x768.jpg 1024w, https:\/\/holzmanufaktur-nordmann.de\/wp-content\/uploads\/2020\/04\/IMG_20200221_091421-300x225.jpg 300w, https:\/\/holzmanufaktur-nordmann.de\/wp-content\/uploads\/2020\/04\/IMG_20200221_091421-768x576.jpg 768w, https:\/\/holzmanufaktur-nordmann.de\/wp-content\/uploads\/2020\/04\/IMG_20200221_091421-1536x1152.jpg 1536w, https:\/\/holzmanufaktur-nordmann.de\/wp-content\/uploads\/2020\/04\/IMG_20200221_091421-2048x1536.jpg 2048w\" sizes=\"(max-width: 750px) 100vw, 750px\" \/>\t\t\t\t\t\t\t\t<\/a>\n\t\t\t\t\t\t\t\t\t\t\t\t\t\t\t<\/div>\n\t\t\t\t<\/div>\n\t\t\t\t<div class=\"elementor-element elementor-element-ed367fb elementor-widget elementor-widget-image\" data-id=\"ed367fb\" data-element_type=\"widget\" data-e-type=\"widget\" data-widget_type=\"image.default\">\n\t\t\t\t<div class=\"elementor-widget-container\">\n\t\t\t\t\t\t\t\t\t\t\t\t\t\t\t\t<a href=\"https:\/\/holzmanufaktur-nordmann.de\/wp-content\/uploads\/2020\/04\/IMG_20180622_212613-scaled.jpg\" data-elementor-open-lightbox=\"yes\" data-elementor-lightbox-title=\"IMG_20180622_212613\" data-e-action-hash=\"#elementor-action%3Aaction%3Dlightbox%26settings%3DeyJpZCI6ODgsInVybCI6Imh0dHBzOlwvXC9ob2x6bWFudWZha3R1ci1ub3JkbWFubi5kZVwvd3AtY29udGVudFwvdXBsb2Fkc1wvMjAyMFwvMDRcL0lNR18yMDE4MDYyMl8yMTI2MTMtc2NhbGVkLmpwZyJ9\">\n\t\t\t\t\t\t\t<img decoding=\"async\" width=\"750\" height=\"563\" src=\"https:\/\/holzmanufaktur-nordmann.de\/wp-content\/uploads\/2020\/04\/IMG_20180622_212613-1024x768.jpg\" class=\"attachment-large size-large wp-image-88\" alt=\"\" srcset=\"https:\/\/holzmanufaktur-nordmann.de\/wp-content\/uploads\/2020\/04\/IMG_20180622_212613-1024x768.jpg 1024w, https:\/\/holzmanufaktur-nordmann.de\/wp-content\/uploads\/2020\/04\/IMG_20180622_212613-300x225.jpg 300w, https:\/\/holzmanufaktur-nordmann.de\/wp-content\/uploads\/2020\/04\/IMG_20180622_212613-768x576.jpg 768w, https:\/\/holzmanufaktur-nordmann.de\/wp-content\/uploads\/2020\/04\/IMG_20180622_212613-1536x1152.jpg 1536w, https:\/\/holzmanufaktur-nordmann.de\/wp-content\/uploads\/2020\/04\/IMG_20180622_212613-2048x1536.jpg 2048w\" sizes=\"(max-width: 750px) 100vw, 750px\" \/>\t\t\t\t\t\t\t\t<\/a>\n\t\t\t\t\t\t\t\t\t\t\t\t\t\t\t<\/div>\n\t\t\t\t<\/div>\n\t\t\t\t<div class=\"elementor-element elementor-element-2ba58e71 elementor-widget elementor-widget-image\" data-id=\"2ba58e71\" data-element_type=\"widget\" data-e-type=\"widget\" data-widget_type=\"image.default\">\n\t\t\t\t<div class=\"elementor-widget-container\">\n\t\t\t\t\t\t\t\t\t\t\t\t\t\t\t\t<a href=\"https:\/\/holzmanufaktur-nordmann.de\/wp-content\/uploads\/2020\/04\/IMG_20190307_195553-scaled.jpg\" data-elementor-open-lightbox=\"yes\" data-elementor-lightbox-title=\"IMG_20190307_195553\" data-e-action-hash=\"#elementor-action%3Aaction%3Dlightbox%26settings%3DeyJpZCI6Mjc3LCJ1cmwiOiJodHRwczpcL1wvaG9sem1hbnVmYWt0dXItbm9yZG1hbm4uZGVcL3dwLWNvbnRlbnRcL3VwbG9hZHNcLzIwMjBcLzA0XC9JTUdfMjAxOTAzMDdfMTk1NTUzLXNjYWxlZC5qcGcifQ%3D%3D\">\n\t\t\t\t\t\t\t<img decoding=\"async\" width=\"750\" height=\"563\" src=\"https:\/\/holzmanufaktur-nordmann.de\/wp-content\/uploads\/2020\/04\/IMG_20190307_195553-1024x768.jpg\" class=\"attachment-large size-large wp-image-277\" alt=\"\" srcset=\"https:\/\/holzmanufaktur-nordmann.de\/wp-content\/uploads\/2020\/04\/IMG_20190307_195553-1024x768.jpg 1024w, https:\/\/holzmanufaktur-nordmann.de\/wp-content\/uploads\/2020\/04\/IMG_20190307_195553-300x225.jpg 300w, https:\/\/holzmanufaktur-nordmann.de\/wp-content\/uploads\/2020\/04\/IMG_20190307_195553-768x576.jpg 768w, https:\/\/holzmanufaktur-nordmann.de\/wp-content\/uploads\/2020\/04\/IMG_20190307_195553-1536x1152.jpg 1536w, https:\/\/holzmanufaktur-nordmann.de\/wp-content\/uploads\/2020\/04\/IMG_20190307_195553-2048x1536.jpg 2048w\" sizes=\"(max-width: 750px) 100vw, 750px\" \/>\t\t\t\t\t\t\t\t<\/a>\n\t\t\t\t\t\t\t\t\t\t\t\t\t\t\t<\/div>\n\t\t\t\t<\/div>\n\t\t\t\t\t<\/div>\n\t\t<\/div>\n\t\t\t\t<div class=\"has_eae_slider elementor-column elementor-col-33 elementor-top-column elementor-element elementor-element-51a7e30a\" data-eae-slider=\"41608\" data-id=\"51a7e30a\" data-element_type=\"column\" data-e-type=\"column\">\n\t\t\t<div class=\"elementor-widget-wrap elementor-element-populated\">\n\t\t\t\t\t\t<div class=\"elementor-element elementor-element-718bac50 elementor-widget elementor-widget-image\" data-id=\"718bac50\" data-element_type=\"widget\" data-e-type=\"widget\" data-widget_type=\"image.default\">\n\t\t\t\t<div class=\"elementor-widget-container\">\n\t\t\t\t\t\t\t\t\t\t\t\t\t\t\t\t<a href=\"https:\/\/holzmanufaktur-nordmann.de\/wp-content\/uploads\/2020\/04\/IMG_20200221_091531-1-scaled.jpg\" data-elementor-open-lightbox=\"yes\" data-elementor-lightbox-title=\"IMG_20200221_091531\" data-e-action-hash=\"#elementor-action%3Aaction%3Dlightbox%26settings%3DeyJpZCI6Mjc0LCJ1cmwiOiJodHRwczpcL1wvaG9sem1hbnVmYWt0dXItbm9yZG1hbm4uZGVcL3dwLWNvbnRlbnRcL3VwbG9hZHNcLzIwMjBcLzA0XC9JTUdfMjAyMDAyMjFfMDkxNTMxLTEtc2NhbGVkLmpwZyJ9\">\n\t\t\t\t\t\t\t<img loading=\"lazy\" decoding=\"async\" width=\"750\" height=\"563\" src=\"https:\/\/holzmanufaktur-nordmann.de\/wp-content\/uploads\/2020\/04\/IMG_20200221_091531-1-1024x768.jpg\" class=\"attachment-large size-large wp-image-274\" alt=\"\" srcset=\"https:\/\/holzmanufaktur-nordmann.de\/wp-content\/uploads\/2020\/04\/IMG_20200221_091531-1-1024x768.jpg 1024w, https:\/\/holzmanufaktur-nordmann.de\/wp-content\/uploads\/2020\/04\/IMG_20200221_091531-1-300x225.jpg 300w, https:\/\/holzmanufaktur-nordmann.de\/wp-content\/uploads\/2020\/04\/IMG_20200221_091531-1-768x576.jpg 768w, https:\/\/holzmanufaktur-nordmann.de\/wp-content\/uploads\/2020\/04\/IMG_20200221_091531-1-1536x1152.jpg 1536w, https:\/\/holzmanufaktur-nordmann.de\/wp-content\/uploads\/2020\/04\/IMG_20200221_091531-1-2048x1536.jpg 2048w\" sizes=\"(max-width: 750px) 100vw, 750px\" \/>\t\t\t\t\t\t\t\t<\/a>\n\t\t\t\t\t\t\t\t\t\t\t\t\t\t\t<\/div>\n\t\t\t\t<\/div>\n\t\t\t\t<div class=\"elementor-element elementor-element-8df269b elementor-widget elementor-widget-image\" data-id=\"8df269b\" data-element_type=\"widget\" data-e-type=\"widget\" data-widget_type=\"image.default\">\n\t\t\t\t<div class=\"elementor-widget-container\">\n\t\t\t\t\t\t\t\t\t\t\t\t\t\t\t\t<a href=\"https:\/\/holzmanufaktur-nordmann.de\/wp-content\/uploads\/2020\/06\/Regal.jpeg\" data-elementor-open-lightbox=\"yes\" data-elementor-lightbox-title=\"Regal\" data-e-action-hash=\"#elementor-action%3Aaction%3Dlightbox%26settings%3DeyJpZCI6NDMxLCJ1cmwiOiJodHRwczpcL1wvaG9sem1hbnVmYWt0dXItbm9yZG1hbm4uZGVcL3dwLWNvbnRlbnRcL3VwbG9hZHNcLzIwMjBcLzA2XC9SZWdhbC5qcGVnIn0%3D\">\n\t\t\t\t\t\t\t<img loading=\"lazy\" decoding=\"async\" width=\"750\" height=\"563\" src=\"https:\/\/holzmanufaktur-nordmann.de\/wp-content\/uploads\/2020\/06\/Regal-1024x768.jpeg\" class=\"attachment-large size-large wp-image-431\" alt=\"\" srcset=\"https:\/\/holzmanufaktur-nordmann.de\/wp-content\/uploads\/2020\/06\/Regal-1024x768.jpeg 1024w, https:\/\/holzmanufaktur-nordmann.de\/wp-content\/uploads\/2020\/06\/Regal-300x225.jpeg 300w, https:\/\/holzmanufaktur-nordmann.de\/wp-content\/uploads\/2020\/06\/Regal-768x576.jpeg 768w, https:\/\/holzmanufaktur-nordmann.de\/wp-content\/uploads\/2020\/06\/Regal-1536x1152.jpeg 1536w, https:\/\/holzmanufaktur-nordmann.de\/wp-content\/uploads\/2020\/06\/Regal.jpeg 1600w\" sizes=\"(max-width: 750px) 100vw, 750px\" \/>\t\t\t\t\t\t\t\t<\/a>\n\t\t\t\t\t\t\t\t\t\t\t\t\t\t\t<\/div>\n\t\t\t\t<\/div>\n\t\t\t\t<div class=\"elementor-element elementor-element-608a2b80 elementor-widget elementor-widget-image\" data-id=\"608a2b80\" data-element_type=\"widget\" data-e-type=\"widget\" data-widget_type=\"image.default\">\n\t\t\t\t<div class=\"elementor-widget-container\">\n\t\t\t\t\t\t\t\t\t\t\t\t\t\t\t\t<a href=\"https:\/\/holzmanufaktur-nordmann.de\/wp-content\/uploads\/2020\/04\/IMG_20190307_195648-scaled.jpg\" data-elementor-open-lightbox=\"yes\" data-elementor-lightbox-title=\"IMG_20190307_195648\" data-e-action-hash=\"#elementor-action%3Aaction%3Dlightbox%26settings%3DeyJpZCI6Mjc4LCJ1cmwiOiJodHRwczpcL1wvaG9sem1hbnVmYWt0dXItbm9yZG1hbm4uZGVcL3dwLWNvbnRlbnRcL3VwbG9hZHNcLzIwMjBcLzA0XC9JTUdfMjAxOTAzMDdfMTk1NjQ4LXNjYWxlZC5qcGcifQ%3D%3D\">\n\t\t\t\t\t\t\t<img loading=\"lazy\" decoding=\"async\" width=\"750\" height=\"1000\" src=\"https:\/\/holzmanufaktur-nordmann.de\/wp-content\/uploads\/2020\/04\/IMG_20190307_195648-768x1024.jpg\" class=\"attachment-large size-large wp-image-278\" alt=\"\" srcset=\"https:\/\/holzmanufaktur-nordmann.de\/wp-content\/uploads\/2020\/04\/IMG_20190307_195648-768x1024.jpg 768w, https:\/\/holzmanufaktur-nordmann.de\/wp-content\/uploads\/2020\/04\/IMG_20190307_195648-225x300.jpg 225w, https:\/\/holzmanufaktur-nordmann.de\/wp-content\/uploads\/2020\/04\/IMG_20190307_195648-1152x1536.jpg 1152w, https:\/\/holzmanufaktur-nordmann.de\/wp-content\/uploads\/2020\/04\/IMG_20190307_195648-1536x2048.jpg 1536w, https:\/\/holzmanufaktur-nordmann.de\/wp-content\/uploads\/2020\/04\/IMG_20190307_195648-scaled.jpg 1920w\" sizes=\"(max-width: 750px) 100vw, 750px\" \/>\t\t\t\t\t\t\t\t<\/a>\n\t\t\t\t\t\t\t\t\t\t\t\t\t\t\t<\/div>\n\t\t\t\t<\/div>\n\t\t\t\t\t<\/div>\n\t\t<\/div>\n\t\t\t\t<div class=\"has_eae_slider elementor-column elementor-col-33 elementor-top-column elementor-element elementor-element-1f225855\" data-eae-slider=\"35611\" data-id=\"1f225855\" data-element_type=\"column\" data-e-type=\"column\">\n\t\t\t<div class=\"elementor-widget-wrap elementor-element-populated\">\n\t\t\t\t\t\t<div class=\"elementor-element elementor-element-4cf64e4b elementor-widget elementor-widget-image\" data-id=\"4cf64e4b\" data-element_type=\"widget\" data-e-type=\"widget\" data-widget_type=\"image.default\">\n\t\t\t\t<div class=\"elementor-widget-container\">\n\t\t\t\t\t\t\t\t\t\t\t\t\t\t\t\t<a href=\"https:\/\/holzmanufaktur-nordmann.de\/wp-content\/uploads\/2020\/04\/IMG_20190307_200959-scaled.jpg\" data-elementor-open-lightbox=\"yes\" data-elementor-lightbox-title=\"IMG_20190307_200959\" data-e-action-hash=\"#elementor-action%3Aaction%3Dlightbox%26settings%3DeyJpZCI6Mjc1LCJ1cmwiOiJodHRwczpcL1wvaG9sem1hbnVmYWt0dXItbm9yZG1hbm4uZGVcL3dwLWNvbnRlbnRcL3VwbG9hZHNcLzIwMjBcLzA0XC9JTUdfMjAxOTAzMDdfMjAwOTU5LXNjYWxlZC5qcGcifQ%3D%3D\">\n\t\t\t\t\t\t\t<img loading=\"lazy\" decoding=\"async\" width=\"750\" height=\"563\" src=\"https:\/\/holzmanufaktur-nordmann.de\/wp-content\/uploads\/2020\/04\/IMG_20190307_200959-1024x768.jpg\" class=\"attachment-large size-large wp-image-275\" alt=\"\" srcset=\"https:\/\/holzmanufaktur-nordmann.de\/wp-content\/uploads\/2020\/04\/IMG_20190307_200959-1024x768.jpg 1024w, https:\/\/holzmanufaktur-nordmann.de\/wp-content\/uploads\/2020\/04\/IMG_20190307_200959-300x225.jpg 300w, https:\/\/holzmanufaktur-nordmann.de\/wp-content\/uploads\/2020\/04\/IMG_20190307_200959-768x576.jpg 768w, https:\/\/holzmanufaktur-nordmann.de\/wp-content\/uploads\/2020\/04\/IMG_20190307_200959-1536x1152.jpg 1536w, https:\/\/holzmanufaktur-nordmann.de\/wp-content\/uploads\/2020\/04\/IMG_20190307_200959-2048x1536.jpg 2048w\" sizes=\"(max-width: 750px) 100vw, 750px\" \/>\t\t\t\t\t\t\t\t<\/a>\n\t\t\t\t\t\t\t\t\t\t\t\t\t\t\t<\/div>\n\t\t\t\t<\/div>\n\t\t\t\t<div class=\"elementor-element elementor-element-15ca0588 elementor-widget elementor-widget-image\" data-id=\"15ca0588\" data-element_type=\"widget\" data-e-type=\"widget\" data-widget_type=\"image.default\">\n\t\t\t\t<div class=\"elementor-widget-container\">\n\t\t\t\t\t\t\t\t\t\t\t\t\t\t\t\t<a href=\"https:\/\/holzmanufaktur-nordmann.de\/wp-content\/uploads\/2020\/04\/IMG_20190307_200454-scaled.jpg\" data-elementor-open-lightbox=\"yes\" data-elementor-lightbox-title=\"IMG_20190307_200454\" data-e-action-hash=\"#elementor-action%3Aaction%3Dlightbox%26settings%3DeyJpZCI6Mjc5LCJ1cmwiOiJodHRwczpcL1wvaG9sem1hbnVmYWt0dXItbm9yZG1hbm4uZGVcL3dwLWNvbnRlbnRcL3VwbG9hZHNcLzIwMjBcLzA0XC9JTUdfMjAxOTAzMDdfMjAwNDU0LXNjYWxlZC5qcGcifQ%3D%3D\">\n\t\t\t\t\t\t\t<img loading=\"lazy\" decoding=\"async\" width=\"750\" height=\"1000\" src=\"https:\/\/holzmanufaktur-nordmann.de\/wp-content\/uploads\/2020\/04\/IMG_20190307_200454-768x1024.jpg\" class=\"attachment-large size-large wp-image-279\" alt=\"\" srcset=\"https:\/\/holzmanufaktur-nordmann.de\/wp-content\/uploads\/2020\/04\/IMG_20190307_200454-768x1024.jpg 768w, https:\/\/holzmanufaktur-nordmann.de\/wp-content\/uploads\/2020\/04\/IMG_20190307_200454-225x300.jpg 225w, https:\/\/holzmanufaktur-nordmann.de\/wp-content\/uploads\/2020\/04\/IMG_20190307_200454-1152x1536.jpg 1152w, https:\/\/holzmanufaktur-nordmann.de\/wp-content\/uploads\/2020\/04\/IMG_20190307_200454-1536x2048.jpg 1536w, https:\/\/holzmanufaktur-nordmann.de\/wp-content\/uploads\/2020\/04\/IMG_20190307_200454-scaled.jpg 1920w\" sizes=\"(max-width: 750px) 100vw, 750px\" \/>\t\t\t\t\t\t\t\t<\/a>\n\t\t\t\t\t\t\t\t\t\t\t\t\t\t\t<\/div>\n\t\t\t\t<\/div>\n\t\t\t\t\t<\/div>\n\t\t<\/div>\n\t\t\t\t\t<\/div>\n\t\t<\/section>\n\t\t\t\t<section class=\"has_eae_slider elementor-section elementor-top-section elementor-element elementor-element-dddb01c elementor-section-boxed elementor-section-height-default elementor-section-height-default\" data-eae-slider=\"45466\" data-id=\"dddb01c\" data-element_type=\"section\" data-e-type=\"section\">\n\t\t\t\t\t\t<div class=\"elementor-container elementor-column-gap-default\">\n\t\t\t\t\t<div class=\"has_eae_slider elementor-column elementor-col-33 elementor-top-column elementor-element elementor-element-1db92bb7\" data-eae-slider=\"75719\" data-id=\"1db92bb7\" data-element_type=\"column\" data-e-type=\"column\">\n\t\t\t<div class=\"elementor-widget-wrap\">\n\t\t\t\t\t\t\t<\/div>\n\t\t<\/div>\n\t\t\t\t<div class=\"has_eae_slider elementor-column elementor-col-33 elementor-top-column elementor-element elementor-element-10e992f4\" data-eae-slider=\"76688\" data-id=\"10e992f4\" data-element_type=\"column\" data-e-type=\"column\">\n\t\t\t<div class=\"elementor-widget-wrap elementor-element-populated\">\n\t\t\t\t\t\t<div class=\"elementor-element elementor-element-2d1a1fe2 elementor-widget elementor-widget-spacer\" data-id=\"2d1a1fe2\" data-element_type=\"widget\" data-e-type=\"widget\" data-widget_type=\"spacer.default\">\n\t\t\t\t<div class=\"elementor-widget-container\">\n\t\t\t\t\t\t\t<div class=\"elementor-spacer\">\n\t\t\t<div class=\"elementor-spacer-inner\"><\/div>\n\t\t<\/div>\n\t\t\t\t\t\t<\/div>\n\t\t\t\t<\/div>\n\t\t\t\t<div class=\"elementor-element elementor-element-44cf566b elementor-widget elementor-widget-heading\" data-id=\"44cf566b\" data-element_type=\"widget\" data-e-type=\"widget\" data-widget_type=\"heading.default\">\n\t\t\t\t<div class=\"elementor-widget-container\">\n\t\t\t\t\t<h2 class=\"elementor-heading-title elementor-size-default\">Kontakt<\/h2>\t\t\t\t<\/div>\n\t\t\t\t<\/div>\n\t\t\t\t<div class=\"elementor-element elementor-element-14ad6b31 elementor-view-default elementor-position-block-start elementor-mobile-position-block-start elementor-widget elementor-widget-icon-box\" data-id=\"14ad6b31\" data-element_type=\"widget\" data-e-type=\"widget\" data-widget_type=\"icon-box.default\">\n\t\t\t\t<div class=\"elementor-widget-container\">\n\t\t\t\t\t\t\t<div class=\"elementor-icon-box-wrapper\">\n\n\t\t\t\t\t\t<div class=\"elementor-icon-box-icon\">\n\t\t\t\t<a href=\"https:\/\/holzmanufaktur-nordmann.de\/index.php\/kontakt\/\" class=\"elementor-icon\" tabindex=\"-1\" aria-label=\"Schreib uns!\">\n\t\t\t\t<i aria-hidden=\"true\" class=\"far fa-address-book\"><\/i>\t\t\t\t<\/a>\n\t\t\t<\/div>\n\t\t\t\n\t\t\t\t\t\t<div class=\"elementor-icon-box-content\">\n\n\t\t\t\t\t\t\t\t\t<h3 class=\"elementor-icon-box-title\">\n\t\t\t\t\t\t<a href=\"https:\/\/holzmanufaktur-nordmann.de\/index.php\/kontakt\/\" >\n\t\t\t\t\t\t\tSchreib uns!\t\t\t\t\t\t<\/a>\n\t\t\t\t\t<\/h3>\n\t\t\t\t\n\t\t\t\t\t\t\t\t\t<p class=\"elementor-icon-box-description\">\n\t\t\t\t\t\tDu hast einen besonderen Wunsch, ein Projekt oder eine Idee? Dann melde dich einfach bei uns und wir verwirklichen Deine Idee zu einem wunderbaren und einzigartigem Designst\u00fcck\u2026\n\t\t\t\t\t<\/p>\n\t\t\t\t\n\t\t\t<\/div>\n\t\t\t\n\t\t<\/div>\n\t\t\t\t\t\t<\/div>\n\t\t\t\t<\/div>\n\t\t\t\t<div class=\"elementor-element elementor-element-1ea4e831 elementor-widget elementor-widget-spacer\" data-id=\"1ea4e831\" data-element_type=\"widget\" data-e-type=\"widget\" data-widget_type=\"spacer.default\">\n\t\t\t\t<div class=\"elementor-widget-container\">\n\t\t\t\t\t\t\t<div class=\"elementor-spacer\">\n\t\t\t<div class=\"elementor-spacer-inner\"><\/div>\n\t\t<\/div>\n\t\t\t\t\t\t<\/div>\n\t\t\t\t<\/div>\n\t\t\t\t\t<\/div>\n\t\t<\/div>\n\t\t\t\t<div class=\"has_eae_slider elementor-column elementor-col-33 elementor-top-column elementor-element elementor-element-54299388\" data-eae-slider=\"92676\" data-id=\"54299388\" data-element_type=\"column\" data-e-type=\"column\">\n\t\t\t<div class=\"elementor-widget-wrap\">\n\t\t\t\t\t\t\t<\/div>\n\t\t<\/div>\n\t\t\t\t\t<\/div>\n\t\t<\/section>\n\t\t\t\t<\/div>\n\t\t","protected":false},"excerpt":{"rendered":"<p>Regale In einer Zeit von schwedischen Billig-Regalen, welche qualitativ sehr fragw\u00fcrdig verarbeitet werden und die Nachhaltigkeit v\u00f6llig au\u00dfer Acht gelassen wird, ist es unsere Pr\u00e4misse individuelle und qualitativ hochwertige M\u00f6bel anzufertigen, um so nachhaltige Designm\u00f6bel zu kreieren. Kontakt Schreib uns! Du hast einen besonderen Wunsch, ein Projekt oder eine Idee? [&hellip;]<\/p>\n","protected":false},"author":1,"featured_media":0,"parent":0,"menu_order":0,"comment_status":"closed","ping_status":"closed","template":"page-templates\/template-pagebuilder-full-width.php","meta":{"footnotes":""},"class_list":["post-115","page","type-page","status-publish","hentry"],"_links":{"self":[{"href":"https:\/\/holzmanufaktur-nordmann.de\/index.php\/wp-json\/wp\/v2\/pages\/115","targetHints":{"allow":["GET"]}}],"collection":[{"href":"https:\/\/holzmanufaktur-nordmann.de\/index.php\/wp-json\/wp\/v2\/pages"}],"about":[{"href":"https:\/\/holzmanufaktur-nordmann.de\/index.php\/wp-json\/wp\/v2\/types\/page"}],"author":[{"embeddable":true,"href":"https:\/\/holzmanufaktur-nordmann.de\/index.php\/wp-json\/wp\/v2\/users\/1"}],"replies":[{"embeddable":true,"href":"https:\/\/holzmanufaktur-nordmann.de\/index.php\/wp-json\/wp\/v2\/comments?post=115"}],"version-history":[{"count":11,"href":"https:\/\/holzmanufaktur-nordmann.de\/index.php\/wp-json\/wp\/v2\/pages\/115\/revisions"}],"predecessor-version":[{"id":467,"href":"https:\/\/holzmanufaktur-nordmann.de\/index.php\/wp-json\/wp\/v2\/pages\/115\/revisions\/467"}],"wp:attachment":[{"href":"https:\/\/holzmanufaktur-nordmann.de\/index.php\/wp-json\/wp\/v2\/media?parent=115"}],"curies":[{"name":"wp","href":"https:\/\/api.w.org\/{rel}","templated":true}]}}