{"id":111,"date":"2020-04-04T14:41:15","date_gmt":"2020-04-04T12:41:15","guid":{"rendered":"https:\/\/holzmanufaktur-nordmann.de\/?page_id=111"},"modified":"2020-07-20T22:25:50","modified_gmt":"2020-07-20T20:25:50","slug":"balkenbetten","status":"publish","type":"page","link":"https:\/\/holzmanufaktur-nordmann.de\/index.php\/balkenbetten\/","title":{"rendered":"Balkenbetten"},"content":{"rendered":"\t\t<div data-elementor-type=\"wp-page\" data-elementor-id=\"111\" class=\"elementor elementor-111\">\n\t\t\t\t\t\t<section class=\"has_eae_slider elementor-section elementor-top-section elementor-element elementor-element-eaf372a elementor-section-boxed elementor-section-height-default elementor-section-height-default\" data-eae-slider=\"47566\" data-id=\"eaf372a\" data-element_type=\"section\" data-e-type=\"section\" data-settings=\"{&quot;background_background&quot;:&quot;classic&quot;,&quot;shape_divider_top&quot;:&quot;mountains&quot;}\">\n\t\t\t\t\t\t\t<div class=\"elementor-background-overlay\"><\/div>\n\t\t\t\t\t\t<div class=\"elementor-shape elementor-shape-top\" aria-hidden=\"true\" data-negative=\"false\">\n\t\t\t<svg xmlns=\"http:\/\/www.w3.org\/2000\/svg\" viewBox=\"0 0 1000 100\" preserveAspectRatio=\"none\">\n\t<path class=\"elementor-shape-fill\" opacity=\"0.33\" d=\"M473,67.3c-203.9,88.3-263.1-34-320.3,0C66,119.1,0,59.7,0,59.7V0h1000v59.7 c0,0-62.1,26.1-94.9,29.3c-32.8,3.3-62.8-12.3-75.8-22.1C806,49.6,745.3,8.7,694.9,4.7S492.4,59,473,67.3z\"\/>\n\t<path class=\"elementor-shape-fill\" opacity=\"0.66\" d=\"M734,67.3c-45.5,0-77.2-23.2-129.1-39.1c-28.6-8.7-150.3-10.1-254,39.1 s-91.7-34.4-149.2,0C115.7,118.3,0,39.8,0,39.8V0h1000v36.5c0,0-28.2-18.5-92.1-18.5C810.2,18.1,775.7,67.3,734,67.3z\"\/>\n\t<path class=\"elementor-shape-fill\" d=\"M766.1,28.9c-200-57.5-266,65.5-395.1,19.5C242,1.8,242,5.4,184.8,20.6C128,35.8,132.3,44.9,89.9,52.5C28.6,63.7,0,0,0,0 h1000c0,0-9.9,40.9-83.6,48.1S829.6,47,766.1,28.9z\"\/>\n<\/svg>\t\t<\/div>\n\t\t\t\t\t<div class=\"elementor-container elementor-column-gap-default\">\n\t\t\t\t\t<div class=\"has_eae_slider elementor-column elementor-col-100 elementor-top-column elementor-element elementor-element-eae3af0\" data-eae-slider=\"18045\" data-id=\"eae3af0\" data-element_type=\"column\" data-e-type=\"column\">\n\t\t\t<div class=\"elementor-widget-wrap elementor-element-populated\">\n\t\t\t\t\t\t<div class=\"elementor-element elementor-element-e180683 elementor-widget elementor-widget-spacer\" data-id=\"e180683\" data-element_type=\"widget\" data-e-type=\"widget\" data-widget_type=\"spacer.default\">\n\t\t\t\t<div class=\"elementor-widget-container\">\n\t\t\t\t\t\t\t<div class=\"elementor-spacer\">\n\t\t\t<div class=\"elementor-spacer-inner\"><\/div>\n\t\t<\/div>\n\t\t\t\t\t\t<\/div>\n\t\t\t\t<\/div>\n\t\t\t\t<div class=\"elementor-element elementor-element-046f2ed elementor-hidden-desktop elementor-hidden-tablet elementor-widget elementor-widget-spacer\" data-id=\"046f2ed\" data-element_type=\"widget\" data-e-type=\"widget\" data-widget_type=\"spacer.default\">\n\t\t\t\t<div class=\"elementor-widget-container\">\n\t\t\t\t\t\t\t<div class=\"elementor-spacer\">\n\t\t\t<div class=\"elementor-spacer-inner\"><\/div>\n\t\t<\/div>\n\t\t\t\t\t\t<\/div>\n\t\t\t\t<\/div>\n\t\t\t\t<div class=\"elementor-element elementor-element-778c9420 elementor-widget elementor-widget-heading\" data-id=\"778c9420\" data-element_type=\"widget\" data-e-type=\"widget\" data-widget_type=\"heading.default\">\n\t\t\t\t<div class=\"elementor-widget-container\">\n\t\t\t\t\t<h2 class=\"elementor-heading-title elementor-size-default\">Balkenbetten<\/h2>\t\t\t\t<\/div>\n\t\t\t\t<\/div>\n\t\t\t\t<div class=\"elementor-element elementor-element-54f5d8a elementor-widget elementor-widget-spacer\" data-id=\"54f5d8a\" data-element_type=\"widget\" data-e-type=\"widget\" data-widget_type=\"spacer.default\">\n\t\t\t\t<div class=\"elementor-widget-container\">\n\t\t\t\t\t\t\t<div class=\"elementor-spacer\">\n\t\t\t<div class=\"elementor-spacer-inner\"><\/div>\n\t\t<\/div>\n\t\t\t\t\t\t<\/div>\n\t\t\t\t<\/div>\n\t\t\t\t<div class=\"elementor-element elementor-element-1707242a elementor-widget elementor-widget-text-editor\" data-id=\"1707242a\" data-element_type=\"widget\" data-e-type=\"widget\" data-widget_type=\"text-editor.default\">\n\t\t\t\t<div class=\"elementor-widget-container\">\n\t\t\t\t\t\t\t\t\t<p>Betten sind die Seele des Schlafzimmers. Die f\u00fcr die Fertigung verwendeten Balken sind meist \u00fcber 100 Jahre alt und lassen durch ihre Geschichte die sie erz\u00e4hlen, das Schlafzimmer in einem ganz besonderen Glanz erstrahlen.<\/p><p>Kombiniert durch Wohnlichkeit gepaart mit rustikalem Flair entsteht so ein bezauberndes Ambiente.<\/p>\t\t\t\t\t\t\t\t<\/div>\n\t\t\t\t<\/div>\n\t\t\t\t\t<\/div>\n\t\t<\/div>\n\t\t\t\t\t<\/div>\n\t\t<\/section>\n\t\t\t\t<section class=\"has_eae_slider elementor-section elementor-top-section elementor-element elementor-element-262e051 elementor-section-boxed elementor-section-height-default elementor-section-height-default\" data-eae-slider=\"83542\" data-id=\"262e051\" data-element_type=\"section\" data-e-type=\"section\" data-settings=\"{&quot;background_background&quot;:&quot;classic&quot;,&quot;shape_divider_bottom&quot;:&quot;mountains&quot;}\">\n\t\t\t\t\t\t\t<div class=\"elementor-background-overlay\"><\/div>\n\t\t\t\t\t\t<div class=\"elementor-shape elementor-shape-bottom\" aria-hidden=\"true\" data-negative=\"false\">\n\t\t\t<svg xmlns=\"http:\/\/www.w3.org\/2000\/svg\" viewBox=\"0 0 1000 100\" preserveAspectRatio=\"none\">\n\t<path class=\"elementor-shape-fill\" opacity=\"0.33\" d=\"M473,67.3c-203.9,88.3-263.1-34-320.3,0C66,119.1,0,59.7,0,59.7V0h1000v59.7 c0,0-62.1,26.1-94.9,29.3c-32.8,3.3-62.8-12.3-75.8-22.1C806,49.6,745.3,8.7,694.9,4.7S492.4,59,473,67.3z\"\/>\n\t<path class=\"elementor-shape-fill\" opacity=\"0.66\" d=\"M734,67.3c-45.5,0-77.2-23.2-129.1-39.1c-28.6-8.7-150.3-10.1-254,39.1 s-91.7-34.4-149.2,0C115.7,118.3,0,39.8,0,39.8V0h1000v36.5c0,0-28.2-18.5-92.1-18.5C810.2,18.1,775.7,67.3,734,67.3z\"\/>\n\t<path class=\"elementor-shape-fill\" d=\"M766.1,28.9c-200-57.5-266,65.5-395.1,19.5C242,1.8,242,5.4,184.8,20.6C128,35.8,132.3,44.9,89.9,52.5C28.6,63.7,0,0,0,0 h1000c0,0-9.9,40.9-83.6,48.1S829.6,47,766.1,28.9z\"\/>\n<\/svg>\t\t<\/div>\n\t\t\t\t\t<div class=\"elementor-container elementor-column-gap-default\">\n\t\t\t\t\t<div class=\"has_eae_slider elementor-column elementor-col-33 elementor-top-column elementor-element elementor-element-3b00825\" data-eae-slider=\"11062\" data-id=\"3b00825\" data-element_type=\"column\" data-e-type=\"column\">\n\t\t\t<div class=\"elementor-widget-wrap elementor-element-populated\">\n\t\t\t\t\t\t<div class=\"elementor-element elementor-element-6d8f27a elementor-widget elementor-widget-image\" data-id=\"6d8f27a\" data-element_type=\"widget\" data-e-type=\"widget\" data-widget_type=\"image.default\">\n\t\t\t\t<div class=\"elementor-widget-container\">\n\t\t\t\t\t\t\t\t\t\t\t\t\t\t\t\t<a href=\"https:\/\/holzmanufaktur-nordmann.de\/wp-content\/uploads\/2020\/04\/IMG_20180802_174248-scaled.jpg\" data-elementor-open-lightbox=\"yes\" data-elementor-lightbox-title=\"IMG_20180802_174248\" data-e-action-hash=\"#elementor-action%3Aaction%3Dlightbox%26settings%3DeyJpZCI6MTg0LCJ1cmwiOiJodHRwczpcL1wvaG9sem1hbnVmYWt0dXItbm9yZG1hbm4uZGVcL3dwLWNvbnRlbnRcL3VwbG9hZHNcLzIwMjBcLzA0XC9JTUdfMjAxODA4MDJfMTc0MjQ4LXNjYWxlZC5qcGcifQ%3D%3D\">\n\t\t\t\t\t\t\t<img fetchpriority=\"high\" decoding=\"async\" width=\"750\" height=\"563\" src=\"https:\/\/holzmanufaktur-nordmann.de\/wp-content\/uploads\/2020\/04\/IMG_20180802_174248-1024x768.jpg\" class=\"attachment-large size-large wp-image-184\" alt=\"\" srcset=\"https:\/\/holzmanufaktur-nordmann.de\/wp-content\/uploads\/2020\/04\/IMG_20180802_174248-1024x768.jpg 1024w, https:\/\/holzmanufaktur-nordmann.de\/wp-content\/uploads\/2020\/04\/IMG_20180802_174248-300x225.jpg 300w, https:\/\/holzmanufaktur-nordmann.de\/wp-content\/uploads\/2020\/04\/IMG_20180802_174248-768x576.jpg 768w, https:\/\/holzmanufaktur-nordmann.de\/wp-content\/uploads\/2020\/04\/IMG_20180802_174248-1536x1152.jpg 1536w, https:\/\/holzmanufaktur-nordmann.de\/wp-content\/uploads\/2020\/04\/IMG_20180802_174248-2048x1536.jpg 2048w\" sizes=\"(max-width: 750px) 100vw, 750px\" \/>\t\t\t\t\t\t\t\t<\/a>\n\t\t\t\t\t\t\t\t\t\t\t\t\t\t\t<\/div>\n\t\t\t\t<\/div>\n\t\t\t\t<div class=\"elementor-element elementor-element-e877527 elementor-widget elementor-widget-image\" data-id=\"e877527\" data-element_type=\"widget\" data-e-type=\"widget\" data-widget_type=\"image.default\">\n\t\t\t\t<div class=\"elementor-widget-container\">\n\t\t\t\t\t\t\t\t\t\t\t\t\t\t\t\t<a href=\"https:\/\/holzmanufaktur-nordmann.de\/wp-content\/uploads\/2020\/04\/IMG_20180802_224708-scaled.jpg\" data-elementor-open-lightbox=\"yes\" data-elementor-lightbox-title=\"IMG_20180802_224708\" data-e-action-hash=\"#elementor-action%3Aaction%3Dlightbox%26settings%3DeyJpZCI6MjAzLCJ1cmwiOiJodHRwczpcL1wvaG9sem1hbnVmYWt0dXItbm9yZG1hbm4uZGVcL3dwLWNvbnRlbnRcL3VwbG9hZHNcLzIwMjBcLzA0XC9JTUdfMjAxODA4MDJfMjI0NzA4LXNjYWxlZC5qcGcifQ%3D%3D\">\n\t\t\t\t\t\t\t<img decoding=\"async\" width=\"750\" height=\"563\" src=\"https:\/\/holzmanufaktur-nordmann.de\/wp-content\/uploads\/2020\/04\/IMG_20180802_224708-1024x768.jpg\" class=\"attachment-large size-large wp-image-203\" alt=\"\" srcset=\"https:\/\/holzmanufaktur-nordmann.de\/wp-content\/uploads\/2020\/04\/IMG_20180802_224708-1024x768.jpg 1024w, https:\/\/holzmanufaktur-nordmann.de\/wp-content\/uploads\/2020\/04\/IMG_20180802_224708-300x225.jpg 300w, https:\/\/holzmanufaktur-nordmann.de\/wp-content\/uploads\/2020\/04\/IMG_20180802_224708-768x576.jpg 768w, https:\/\/holzmanufaktur-nordmann.de\/wp-content\/uploads\/2020\/04\/IMG_20180802_224708-1536x1152.jpg 1536w, https:\/\/holzmanufaktur-nordmann.de\/wp-content\/uploads\/2020\/04\/IMG_20180802_224708-2048x1536.jpg 2048w\" sizes=\"(max-width: 750px) 100vw, 750px\" \/>\t\t\t\t\t\t\t\t<\/a>\n\t\t\t\t\t\t\t\t\t\t\t\t\t\t\t<\/div>\n\t\t\t\t<\/div>\n\t\t\t\t<div class=\"elementor-element elementor-element-f4692f5 elementor-widget elementor-widget-image\" data-id=\"f4692f5\" data-element_type=\"widget\" data-e-type=\"widget\" data-widget_type=\"image.default\">\n\t\t\t\t<div class=\"elementor-widget-container\">\n\t\t\t\t\t\t\t\t\t\t\t\t\t\t\t\t<a href=\"https:\/\/holzmanufaktur-nordmann.de\/wp-content\/uploads\/2020\/04\/IMG_20191201_160503-scaled.jpg\" data-elementor-open-lightbox=\"yes\" data-elementor-lightbox-title=\"IMG_20191201_160503\" data-e-action-hash=\"#elementor-action%3Aaction%3Dlightbox%26settings%3DeyJpZCI6MTgzLCJ1cmwiOiJodHRwczpcL1wvaG9sem1hbnVmYWt0dXItbm9yZG1hbm4uZGVcL3dwLWNvbnRlbnRcL3VwbG9hZHNcLzIwMjBcLzA0XC9JTUdfMjAxOTEyMDFfMTYwNTAzLXNjYWxlZC5qcGcifQ%3D%3D\">\n\t\t\t\t\t\t\t<img decoding=\"async\" width=\"750\" height=\"563\" src=\"https:\/\/holzmanufaktur-nordmann.de\/wp-content\/uploads\/2020\/04\/IMG_20191201_160503-1024x768.jpg\" class=\"attachment-large size-large wp-image-183\" alt=\"\" srcset=\"https:\/\/holzmanufaktur-nordmann.de\/wp-content\/uploads\/2020\/04\/IMG_20191201_160503-1024x768.jpg 1024w, https:\/\/holzmanufaktur-nordmann.de\/wp-content\/uploads\/2020\/04\/IMG_20191201_160503-300x225.jpg 300w, https:\/\/holzmanufaktur-nordmann.de\/wp-content\/uploads\/2020\/04\/IMG_20191201_160503-768x576.jpg 768w, https:\/\/holzmanufaktur-nordmann.de\/wp-content\/uploads\/2020\/04\/IMG_20191201_160503-1536x1152.jpg 1536w, https:\/\/holzmanufaktur-nordmann.de\/wp-content\/uploads\/2020\/04\/IMG_20191201_160503-2048x1536.jpg 2048w\" sizes=\"(max-width: 750px) 100vw, 750px\" \/>\t\t\t\t\t\t\t\t<\/a>\n\t\t\t\t\t\t\t\t\t\t\t\t\t\t\t<\/div>\n\t\t\t\t<\/div>\n\t\t\t\t\t<\/div>\n\t\t<\/div>\n\t\t\t\t<div class=\"has_eae_slider elementor-column elementor-col-33 elementor-top-column elementor-element elementor-element-977b1a3\" data-eae-slider=\"45465\" data-id=\"977b1a3\" data-element_type=\"column\" data-e-type=\"column\">\n\t\t\t<div class=\"elementor-widget-wrap elementor-element-populated\">\n\t\t\t\t\t\t<div class=\"elementor-element elementor-element-fd326c7 elementor-widget elementor-widget-image\" data-id=\"fd326c7\" data-element_type=\"widget\" data-e-type=\"widget\" data-widget_type=\"image.default\">\n\t\t\t\t<div class=\"elementor-widget-container\">\n\t\t\t\t\t\t\t\t\t\t\t\t\t\t\t\t<a href=\"https:\/\/holzmanufaktur-nordmann.de\/wp-content\/uploads\/2020\/04\/IMG_20200118_095334-scaled.jpg\" data-elementor-open-lightbox=\"yes\" data-elementor-lightbox-title=\"IMG_20200118_095334\" data-e-action-hash=\"#elementor-action%3Aaction%3Dlightbox%26settings%3DeyJpZCI6MjA0LCJ1cmwiOiJodHRwczpcL1wvaG9sem1hbnVmYWt0dXItbm9yZG1hbm4uZGVcL3dwLWNvbnRlbnRcL3VwbG9hZHNcLzIwMjBcLzA0XC9JTUdfMjAyMDAxMThfMDk1MzM0LXNjYWxlZC5qcGcifQ%3D%3D\">\n\t\t\t\t\t\t\t<img loading=\"lazy\" decoding=\"async\" width=\"750\" height=\"563\" src=\"https:\/\/holzmanufaktur-nordmann.de\/wp-content\/uploads\/2020\/04\/IMG_20200118_095334-1024x768.jpg\" class=\"attachment-large size-large wp-image-204\" alt=\"\" srcset=\"https:\/\/holzmanufaktur-nordmann.de\/wp-content\/uploads\/2020\/04\/IMG_20200118_095334-1024x768.jpg 1024w, https:\/\/holzmanufaktur-nordmann.de\/wp-content\/uploads\/2020\/04\/IMG_20200118_095334-300x225.jpg 300w, https:\/\/holzmanufaktur-nordmann.de\/wp-content\/uploads\/2020\/04\/IMG_20200118_095334-768x576.jpg 768w, https:\/\/holzmanufaktur-nordmann.de\/wp-content\/uploads\/2020\/04\/IMG_20200118_095334-1536x1152.jpg 1536w, https:\/\/holzmanufaktur-nordmann.de\/wp-content\/uploads\/2020\/04\/IMG_20200118_095334-2048x1536.jpg 2048w\" sizes=\"(max-width: 750px) 100vw, 750px\" \/>\t\t\t\t\t\t\t\t<\/a>\n\t\t\t\t\t\t\t\t\t\t\t\t\t\t\t<\/div>\n\t\t\t\t<\/div>\n\t\t\t\t<div class=\"elementor-element elementor-element-2c41b0a elementor-widget elementor-widget-image\" data-id=\"2c41b0a\" data-element_type=\"widget\" data-e-type=\"widget\" data-widget_type=\"image.default\">\n\t\t\t\t<div class=\"elementor-widget-container\">\n\t\t\t\t\t\t\t\t\t\t\t\t\t\t\t\t<a href=\"https:\/\/holzmanufaktur-nordmann.de\/wp-content\/uploads\/2020\/04\/IMG_20200118_152708_044.jpg\" data-elementor-open-lightbox=\"yes\" data-elementor-lightbox-title=\"IMG_20200118_152708_044\" data-e-action-hash=\"#elementor-action%3Aaction%3Dlightbox%26settings%3DeyJpZCI6MjA1LCJ1cmwiOiJodHRwczpcL1wvaG9sem1hbnVmYWt0dXItbm9yZG1hbm4uZGVcL3dwLWNvbnRlbnRcL3VwbG9hZHNcLzIwMjBcLzA0XC9JTUdfMjAyMDAxMThfMTUyNzA4XzA0NC5qcGcifQ%3D%3D\">\n\t\t\t\t\t\t\t<img loading=\"lazy\" decoding=\"async\" width=\"750\" height=\"750\" src=\"https:\/\/holzmanufaktur-nordmann.de\/wp-content\/uploads\/2020\/04\/IMG_20200118_152708_044-1024x1024.jpg\" class=\"attachment-large size-large wp-image-205\" alt=\"\" srcset=\"https:\/\/holzmanufaktur-nordmann.de\/wp-content\/uploads\/2020\/04\/IMG_20200118_152708_044-1024x1024.jpg 1024w, https:\/\/holzmanufaktur-nordmann.de\/wp-content\/uploads\/2020\/04\/IMG_20200118_152708_044-300x300.jpg 300w, https:\/\/holzmanufaktur-nordmann.de\/wp-content\/uploads\/2020\/04\/IMG_20200118_152708_044-150x150.jpg 150w, https:\/\/holzmanufaktur-nordmann.de\/wp-content\/uploads\/2020\/04\/IMG_20200118_152708_044-768x768.jpg 768w, https:\/\/holzmanufaktur-nordmann.de\/wp-content\/uploads\/2020\/04\/IMG_20200118_152708_044.jpg 1080w\" sizes=\"(max-width: 750px) 100vw, 750px\" \/>\t\t\t\t\t\t\t\t<\/a>\n\t\t\t\t\t\t\t\t\t\t\t\t\t\t\t<\/div>\n\t\t\t\t<\/div>\n\t\t\t\t\t<\/div>\n\t\t<\/div>\n\t\t\t\t<div class=\"has_eae_slider elementor-column elementor-col-33 elementor-top-column elementor-element elementor-element-2c0df01\" data-eae-slider=\"32411\" data-id=\"2c0df01\" data-element_type=\"column\" data-e-type=\"column\">\n\t\t\t<div class=\"elementor-widget-wrap elementor-element-populated\">\n\t\t\t\t\t\t<div class=\"elementor-element elementor-element-400fbd5 elementor-widget elementor-widget-image\" data-id=\"400fbd5\" data-element_type=\"widget\" data-e-type=\"widget\" data-widget_type=\"image.default\">\n\t\t\t\t<div class=\"elementor-widget-container\">\n\t\t\t\t\t\t\t\t\t\t\t\t\t\t\t\t<a href=\"https:\/\/holzmanufaktur-nordmann.de\/wp-content\/uploads\/2020\/04\/IMG_20180802_223501-scaled.jpg\" data-elementor-open-lightbox=\"yes\" data-elementor-lightbox-title=\"IMG_20180802_223501\" data-e-action-hash=\"#elementor-action%3Aaction%3Dlightbox%26settings%3DeyJpZCI6MjAyLCJ1cmwiOiJodHRwczpcL1wvaG9sem1hbnVmYWt0dXItbm9yZG1hbm4uZGVcL3dwLWNvbnRlbnRcL3VwbG9hZHNcLzIwMjBcLzA0XC9JTUdfMjAxODA4MDJfMjIzNTAxLXNjYWxlZC5qcGcifQ%3D%3D\">\n\t\t\t\t\t\t\t<img loading=\"lazy\" decoding=\"async\" width=\"750\" height=\"563\" src=\"https:\/\/holzmanufaktur-nordmann.de\/wp-content\/uploads\/2020\/04\/IMG_20180802_223501-1024x768.jpg\" class=\"attachment-large size-large wp-image-202\" alt=\"\" srcset=\"https:\/\/holzmanufaktur-nordmann.de\/wp-content\/uploads\/2020\/04\/IMG_20180802_223501-1024x768.jpg 1024w, https:\/\/holzmanufaktur-nordmann.de\/wp-content\/uploads\/2020\/04\/IMG_20180802_223501-300x225.jpg 300w, https:\/\/holzmanufaktur-nordmann.de\/wp-content\/uploads\/2020\/04\/IMG_20180802_223501-768x576.jpg 768w, https:\/\/holzmanufaktur-nordmann.de\/wp-content\/uploads\/2020\/04\/IMG_20180802_223501-1536x1152.jpg 1536w, https:\/\/holzmanufaktur-nordmann.de\/wp-content\/uploads\/2020\/04\/IMG_20180802_223501-2048x1536.jpg 2048w\" sizes=\"(max-width: 750px) 100vw, 750px\" \/>\t\t\t\t\t\t\t\t<\/a>\n\t\t\t\t\t\t\t\t\t\t\t\t\t\t\t<\/div>\n\t\t\t\t<\/div>\n\t\t\t\t<div class=\"elementor-element elementor-element-995fe5c elementor-widget elementor-widget-image\" data-id=\"995fe5c\" data-element_type=\"widget\" data-e-type=\"widget\" data-widget_type=\"image.default\">\n\t\t\t\t<div class=\"elementor-widget-container\">\n\t\t\t\t\t\t\t\t\t\t\t\t\t\t\t\t<a href=\"https:\/\/holzmanufaktur-nordmann.de\/wp-content\/uploads\/2020\/04\/IMG_20200118_095345-scaled.jpg\" data-elementor-open-lightbox=\"yes\" data-elementor-lightbox-title=\"IMG_20200118_095345\" data-e-action-hash=\"#elementor-action%3Aaction%3Dlightbox%26settings%3DeyJpZCI6NzAsInVybCI6Imh0dHBzOlwvXC9ob2x6bWFudWZha3R1ci1ub3JkbWFubi5kZVwvd3AtY29udGVudFwvdXBsb2Fkc1wvMjAyMFwvMDRcL0lNR18yMDIwMDExOF8wOTUzNDUtc2NhbGVkLmpwZyJ9\">\n\t\t\t\t\t\t\t<img loading=\"lazy\" decoding=\"async\" width=\"750\" height=\"563\" src=\"https:\/\/holzmanufaktur-nordmann.de\/wp-content\/uploads\/2020\/04\/IMG_20200118_095345-1024x768.jpg\" class=\"attachment-large size-large wp-image-70\" alt=\"\" srcset=\"https:\/\/holzmanufaktur-nordmann.de\/wp-content\/uploads\/2020\/04\/IMG_20200118_095345-1024x768.jpg 1024w, https:\/\/holzmanufaktur-nordmann.de\/wp-content\/uploads\/2020\/04\/IMG_20200118_095345-300x225.jpg 300w, https:\/\/holzmanufaktur-nordmann.de\/wp-content\/uploads\/2020\/04\/IMG_20200118_095345-768x576.jpg 768w, https:\/\/holzmanufaktur-nordmann.de\/wp-content\/uploads\/2020\/04\/IMG_20200118_095345-1536x1152.jpg 1536w, https:\/\/holzmanufaktur-nordmann.de\/wp-content\/uploads\/2020\/04\/IMG_20200118_095345-2048x1536.jpg 2048w\" sizes=\"(max-width: 750px) 100vw, 750px\" \/>\t\t\t\t\t\t\t\t<\/a>\n\t\t\t\t\t\t\t\t\t\t\t\t\t\t\t<\/div>\n\t\t\t\t<\/div>\n\t\t\t\t<div class=\"elementor-element elementor-element-79885c4 elementor-widget elementor-widget-image\" data-id=\"79885c4\" data-element_type=\"widget\" data-e-type=\"widget\" data-widget_type=\"image.default\">\n\t\t\t\t<div class=\"elementor-widget-container\">\n\t\t\t\t\t\t\t\t\t\t\t\t\t\t\t\t<a href=\"https:\/\/holzmanufaktur-nordmann.de\/wp-content\/uploads\/2020\/04\/IMG_3186-scaled.jpg\" data-elementor-open-lightbox=\"yes\" data-elementor-lightbox-title=\"IMG_3186\" data-e-action-hash=\"#elementor-action%3Aaction%3Dlightbox%26settings%3DeyJpZCI6MzA1LCJ1cmwiOiJodHRwczpcL1wvaG9sem1hbnVmYWt0dXItbm9yZG1hbm4uZGVcL3dwLWNvbnRlbnRcL3VwbG9hZHNcLzIwMjBcLzA0XC9JTUdfMzE4Ni1zY2FsZWQuanBnIn0%3D\">\n\t\t\t\t\t\t\t<img loading=\"lazy\" decoding=\"async\" width=\"750\" height=\"563\" src=\"https:\/\/holzmanufaktur-nordmann.de\/wp-content\/uploads\/2020\/04\/IMG_3186-1024x768.jpg\" class=\"attachment-large size-large wp-image-305\" alt=\"\" srcset=\"https:\/\/holzmanufaktur-nordmann.de\/wp-content\/uploads\/2020\/04\/IMG_3186-1024x768.jpg 1024w, https:\/\/holzmanufaktur-nordmann.de\/wp-content\/uploads\/2020\/04\/IMG_3186-300x225.jpg 300w, https:\/\/holzmanufaktur-nordmann.de\/wp-content\/uploads\/2020\/04\/IMG_3186-768x576.jpg 768w, https:\/\/holzmanufaktur-nordmann.de\/wp-content\/uploads\/2020\/04\/IMG_3186-1536x1152.jpg 1536w, https:\/\/holzmanufaktur-nordmann.de\/wp-content\/uploads\/2020\/04\/IMG_3186-2048x1536.jpg 2048w\" sizes=\"(max-width: 750px) 100vw, 750px\" \/>\t\t\t\t\t\t\t\t<\/a>\n\t\t\t\t\t\t\t\t\t\t\t\t\t\t\t<\/div>\n\t\t\t\t<\/div>\n\t\t\t\t\t<\/div>\n\t\t<\/div>\n\t\t\t\t\t<\/div>\n\t\t<\/section>\n\t\t\t\t<section class=\"has_eae_slider elementor-section elementor-top-section elementor-element elementor-element-45d42865 elementor-section-boxed elementor-section-height-default elementor-section-height-default\" data-eae-slider=\"5643\" data-id=\"45d42865\" data-element_type=\"section\" data-e-type=\"section\">\n\t\t\t\t\t\t<div class=\"elementor-container elementor-column-gap-default\">\n\t\t\t\t\t<div class=\"has_eae_slider elementor-column elementor-col-33 elementor-top-column elementor-element elementor-element-40255db5\" data-eae-slider=\"56085\" data-id=\"40255db5\" data-element_type=\"column\" data-e-type=\"column\">\n\t\t\t<div class=\"elementor-widget-wrap\">\n\t\t\t\t\t\t\t<\/div>\n\t\t<\/div>\n\t\t\t\t<div class=\"has_eae_slider elementor-column elementor-col-33 elementor-top-column elementor-element elementor-element-6f61a2cb\" data-eae-slider=\"39487\" data-id=\"6f61a2cb\" data-element_type=\"column\" data-e-type=\"column\">\n\t\t\t<div class=\"elementor-widget-wrap elementor-element-populated\">\n\t\t\t\t\t\t<div class=\"elementor-element elementor-element-454bae27 elementor-widget elementor-widget-spacer\" data-id=\"454bae27\" data-element_type=\"widget\" data-e-type=\"widget\" data-widget_type=\"spacer.default\">\n\t\t\t\t<div class=\"elementor-widget-container\">\n\t\t\t\t\t\t\t<div class=\"elementor-spacer\">\n\t\t\t<div class=\"elementor-spacer-inner\"><\/div>\n\t\t<\/div>\n\t\t\t\t\t\t<\/div>\n\t\t\t\t<\/div>\n\t\t\t\t<div class=\"elementor-element elementor-element-b10f91 elementor-widget elementor-widget-heading\" data-id=\"b10f91\" data-element_type=\"widget\" data-e-type=\"widget\" data-widget_type=\"heading.default\">\n\t\t\t\t<div class=\"elementor-widget-container\">\n\t\t\t\t\t<h2 class=\"elementor-heading-title elementor-size-default\">Kontakt<\/h2>\t\t\t\t<\/div>\n\t\t\t\t<\/div>\n\t\t\t\t<div class=\"elementor-element elementor-element-52bfccc2 elementor-view-default elementor-position-block-start elementor-mobile-position-block-start elementor-widget elementor-widget-icon-box\" data-id=\"52bfccc2\" data-element_type=\"widget\" data-e-type=\"widget\" data-widget_type=\"icon-box.default\">\n\t\t\t\t<div class=\"elementor-widget-container\">\n\t\t\t\t\t\t\t<div class=\"elementor-icon-box-wrapper\">\n\n\t\t\t\t\t\t<div class=\"elementor-icon-box-icon\">\n\t\t\t\t<a href=\"https:\/\/holzmanufaktur-nordmann.de\/index.php\/kontakt\/\" class=\"elementor-icon\" tabindex=\"-1\" aria-label=\"Schreib uns!\">\n\t\t\t\t<i aria-hidden=\"true\" class=\"far fa-address-book\"><\/i>\t\t\t\t<\/a>\n\t\t\t<\/div>\n\t\t\t\n\t\t\t\t\t\t<div class=\"elementor-icon-box-content\">\n\n\t\t\t\t\t\t\t\t\t<h3 class=\"elementor-icon-box-title\">\n\t\t\t\t\t\t<a href=\"https:\/\/holzmanufaktur-nordmann.de\/index.php\/kontakt\/\" >\n\t\t\t\t\t\t\tSchreib uns!\t\t\t\t\t\t<\/a>\n\t\t\t\t\t<\/h3>\n\t\t\t\t\n\t\t\t\t\t\t\t\t\t<p class=\"elementor-icon-box-description\">\n\t\t\t\t\t\tDu hast einen besonderen Wunsch, ein Projekt oder eine Idee? Dann melde dich einfach bei uns und wir verwirklichen Deine Idee zu einem wunderbaren und einzigartigem Designst\u00fcck\u2026\n\t\t\t\t\t<\/p>\n\t\t\t\t\n\t\t\t<\/div>\n\t\t\t\n\t\t<\/div>\n\t\t\t\t\t\t<\/div>\n\t\t\t\t<\/div>\n\t\t\t\t<div class=\"elementor-element elementor-element-6406dc9 elementor-widget elementor-widget-spacer\" data-id=\"6406dc9\" data-element_type=\"widget\" data-e-type=\"widget\" data-widget_type=\"spacer.default\">\n\t\t\t\t<div class=\"elementor-widget-container\">\n\t\t\t\t\t\t\t<div class=\"elementor-spacer\">\n\t\t\t<div class=\"elementor-spacer-inner\"><\/div>\n\t\t<\/div>\n\t\t\t\t\t\t<\/div>\n\t\t\t\t<\/div>\n\t\t\t\t\t<\/div>\n\t\t<\/div>\n\t\t\t\t<div class=\"has_eae_slider elementor-column elementor-col-33 elementor-top-column elementor-element elementor-element-62fc0c97\" data-eae-slider=\"29311\" data-id=\"62fc0c97\" data-element_type=\"column\" data-e-type=\"column\">\n\t\t\t<div class=\"elementor-widget-wrap\">\n\t\t\t\t\t\t\t<\/div>\n\t\t<\/div>\n\t\t\t\t\t<\/div>\n\t\t<\/section>\n\t\t\t\t<\/div>\n\t\t","protected":false},"excerpt":{"rendered":"<p>Balkenbetten Betten sind die Seele des Schlafzimmers. Die f\u00fcr die Fertigung verwendeten Balken sind meist \u00fcber 100 Jahre alt und lassen durch ihre Geschichte die sie erz\u00e4hlen, das Schlafzimmer in einem ganz besonderen Glanz erstrahlen. Kombiniert durch Wohnlichkeit gepaart mit rustikalem Flair entsteht so ein bezauberndes Ambiente. Kontakt Schreib uns! [&hellip;]<\/p>\n","protected":false},"author":1,"featured_media":0,"parent":0,"menu_order":0,"comment_status":"closed","ping_status":"closed","template":"page-templates\/template-pagebuilder-full-width.php","meta":{"footnotes":""},"class_list":["post-111","page","type-page","status-publish","hentry"],"_links":{"self":[{"href":"https:\/\/holzmanufaktur-nordmann.de\/index.php\/wp-json\/wp\/v2\/pages\/111","targetHints":{"allow":["GET"]}}],"collection":[{"href":"https:\/\/holzmanufaktur-nordmann.de\/index.php\/wp-json\/wp\/v2\/pages"}],"about":[{"href":"https:\/\/holzmanufaktur-nordmann.de\/index.php\/wp-json\/wp\/v2\/types\/page"}],"author":[{"embeddable":true,"href":"https:\/\/holzmanufaktur-nordmann.de\/index.php\/wp-json\/wp\/v2\/users\/1"}],"replies":[{"embeddable":true,"href":"https:\/\/holzmanufaktur-nordmann.de\/index.php\/wp-json\/wp\/v2\/comments?post=111"}],"version-history":[{"count":28,"href":"https:\/\/holzmanufaktur-nordmann.de\/index.php\/wp-json\/wp\/v2\/pages\/111\/revisions"}],"predecessor-version":[{"id":443,"href":"https:\/\/holzmanufaktur-nordmann.de\/index.php\/wp-json\/wp\/v2\/pages\/111\/revisions\/443"}],"wp:attachment":[{"href":"https:\/\/holzmanufaktur-nordmann.de\/index.php\/wp-json\/wp\/v2\/media?parent=111"}],"curies":[{"name":"wp","href":"https:\/\/api.w.org\/{rel}","templated":true}]}}